{"id":59,"date":"2023-09-07T13:28:54","date_gmt":"2023-09-07T13:28:54","guid":{"rendered":"https:\/\/hicle-events.com\/newsroom\/?page_id=59"},"modified":"2024-05-14T13:11:20","modified_gmt":"2024-05-14T13:11:20","slug":"nl-ebc-be","status":"publish","type":"page","link":"https:\/\/hicle-events.com\/newsroom\/nl-ebc-be\/","title":{"rendered":"NL EBC BE"},"content":{"rendered":"<div class=\"wp-block-image\">\n<figure class=\"aligncenter size-full\"><img loading=\"lazy\" decoding=\"async\" width=\"600\" height=\"400\" src=\"https:\/\/hicle-events.com\/newsroom\/wp-content\/uploads\/2023\/12\/fietsparcours-flanders-epxo.jpg\" alt=\"Het grote fietsparcours in Flanders Expo biedt alle ruimte om fietsen en e-bikes te testen\" class=\"wp-image-683\" srcset=\"https:\/\/hicle-events.com\/newsroom\/wp-content\/uploads\/2023\/12\/fietsparcours-flanders-epxo.jpg 600w, https:\/\/hicle-events.com\/newsroom\/wp-content\/uploads\/2023\/12\/fietsparcours-flanders-epxo-300x200.jpg 300w, https:\/\/hicle-events.com\/newsroom\/wp-content\/uploads\/2023\/12\/fietsparcours-flanders-epxo-250x167.jpg 250w\" sizes=\"auto, (max-width: 600px) 100vw, 600px\" \/><\/figure>\n<\/div>\n\n\n<h1 class=\"wp-block-heading\">E-bike Challenge Belgi\u00eb<\/h1>\n\n\n\n<p>Sinds 2017 is E-bike Challenge h\u00e9t e-bike-testevent van Belgi\u00eb. Het grote testparcours in Flanders Expo in Gent, met een lengte van circa 1,5 km, biedt alle gelegenheid elektrische fietsen met elkaar te vergelijken. Alleen fiets\/e-bikemerken kunnen als exposant aan deze beurs deelnemen.  <\/p>\n\n\n\n<p>Alle edities van de Challenge vonden plaats in combinatie met de Fiets en Wandelbeurs. Dat blijkt een gouden huwelijk te zijn: de events vullen elkaar perfect aan. De Fiets en Wandelbeurs zorgt voor nieuwe doelgroepen aan de stands van e-bikemerken, terwijl de bezoekers van de Challenge graag een kijkje nemen bij de buren voor routes, bestemmingen en fietsarrangementen.<\/p>\n","protected":false},"excerpt":{"rendered":"<p>E-bike Challenge Belgi\u00eb Sinds 2017 is E-bike Challenge h\u00e9t e-bike-testevent van Belgi\u00eb. Het grote testparcours in Flanders Expo in Gent, met een lengte van circa 1,5 km, biedt alle gelegenheid elektrische fietsen met elkaar te vergelijken. Alleen fiets\/e-bikemerken kunnen als exposant aan deze beurs deelnemen. Alle edities van de Challenge vonden plaats in combinatie met [&hellip;]<\/p>\n","protected":false},"author":1,"featured_media":567,"parent":0,"menu_order":0,"comment_status":"closed","ping_status":"closed","template":"page-templates\/page_nl_event.php","meta":{"footnotes":""},"categories":[24,21,16],"class_list":["post-59","page","type-page","status-publish","has-post-thumbnail","hentry","category-css-ebc-be","category-ebc-be","category-nl"],"yoast_head":"<!-- This site is optimized with the Yoast SEO plugin v27.1 - https:\/\/yoast.com\/product\/yoast-seo-wordpress\/ -->\n<title>E-bike Challenge Belgi\u00eb<\/title>\n<meta name=\"description\" content=\"E-bike Challenge in Gent is het grootste indoor e-bike-testevent van Belgi\u00eb en beschikt over een groot fietsparcours in Flanders Expo.\" \/>\n<meta name=\"robots\" content=\"index, follow, max-snippet:-1, max-image-preview:large, max-video-preview:-1\" \/>\n<link rel=\"canonical\" href=\"https:\/\/hicle-events.com\/newsroom\/nl-ebc-be\/\" \/>\n<meta property=\"og:locale\" content=\"nl_NL\" \/>\n<meta property=\"og:type\" content=\"article\" \/>\n<meta property=\"og:title\" content=\"E-bike Challenge Belgi\u00eb\" \/>\n<meta property=\"og:description\" content=\"E-bike Challenge in Gent is het grootste indoor e-bike-testevent van Belgi\u00eb en beschikt over een groot fietsparcours in Flanders Expo.\" \/>\n<meta property=\"og:url\" content=\"https:\/\/hicle-events.com\/newsroom\/nl-ebc-be\/\" \/>\n<meta property=\"og:site_name\" content=\"Hicle\" \/>\n<meta property=\"article:modified_time\" content=\"2024-05-14T13:11:20+00:00\" \/>\n<meta property=\"og:image\" content=\"https:\/\/hicle-events.com\/newsroom\/wp-content\/uploads\/2023\/10\/230525_ebc_logo_BE.png\" \/>\n\t<meta property=\"og:image:width\" content=\"1000\" \/>\n\t<meta property=\"og:image:height\" content=\"402\" \/>\n\t<meta property=\"og:image:type\" content=\"image\/png\" \/>\n<meta name=\"twitter:card\" content=\"summary_large_image\" \/>\n<meta name=\"twitter:label1\" content=\"Geschatte leestijd\" \/>\n\t<meta name=\"twitter:data1\" content=\"1 minuut\" \/>\n<script type=\"application\/ld+json\" class=\"yoast-schema-graph\">{\"@context\":\"https:\/\/schema.org\",\"@graph\":[{\"@type\":\"WebPage\",\"@id\":\"https:\/\/hicle-events.com\/newsroom\/nl-ebc-be\/\",\"url\":\"https:\/\/hicle-events.com\/newsroom\/nl-ebc-be\/\",\"name\":\"E-bike Challenge Belgi\u00eb\",\"isPartOf\":{\"@id\":\"https:\/\/hicle-events.com\/newsroom\/#website\"},\"primaryImageOfPage\":{\"@id\":\"https:\/\/hicle-events.com\/newsroom\/nl-ebc-be\/#primaryimage\"},\"image\":{\"@id\":\"https:\/\/hicle-events.com\/newsroom\/nl-ebc-be\/#primaryimage\"},\"thumbnailUrl\":\"https:\/\/hicle-events.com\/newsroom\/wp-content\/uploads\/2023\/10\/230525_ebc_logo_BE.png\",\"datePublished\":\"2023-09-07T13:28:54+00:00\",\"dateModified\":\"2024-05-14T13:11:20+00:00\",\"description\":\"E-bike Challenge in Gent is het grootste indoor e-bike-testevent van Belgi\u00eb en beschikt over een groot fietsparcours in Flanders Expo.\",\"inLanguage\":\"nl-NL\",\"potentialAction\":[{\"@type\":\"ReadAction\",\"target\":[\"https:\/\/hicle-events.com\/newsroom\/nl-ebc-be\/\"]}]},{\"@type\":\"ImageObject\",\"inLanguage\":\"nl-NL\",\"@id\":\"https:\/\/hicle-events.com\/newsroom\/nl-ebc-be\/#primaryimage\",\"url\":\"https:\/\/hicle-events.com\/newsroom\/wp-content\/uploads\/2023\/10\/230525_ebc_logo_BE.png\",\"contentUrl\":\"https:\/\/hicle-events.com\/newsroom\/wp-content\/uploads\/2023\/10\/230525_ebc_logo_BE.png\",\"width\":1000,\"height\":402},{\"@type\":\"WebSite\",\"@id\":\"https:\/\/hicle-events.com\/newsroom\/#website\",\"url\":\"https:\/\/hicle-events.com\/newsroom\/\",\"name\":\"Hicle\",\"description\":\"Newsroom\",\"publisher\":{\"@id\":\"https:\/\/hicle-events.com\/newsroom\/#organization\"},\"potentialAction\":[{\"@type\":\"SearchAction\",\"target\":{\"@type\":\"EntryPoint\",\"urlTemplate\":\"https:\/\/hicle-events.com\/newsroom\/?s={search_term_string}\"},\"query-input\":{\"@type\":\"PropertyValueSpecification\",\"valueRequired\":true,\"valueName\":\"search_term_string\"}}],\"inLanguage\":\"nl-NL\"},{\"@type\":\"Organization\",\"@id\":\"https:\/\/hicle-events.com\/newsroom\/#organization\",\"name\":\"Hicle\",\"url\":\"https:\/\/hicle-events.com\/newsroom\/\",\"logo\":{\"@type\":\"ImageObject\",\"inLanguage\":\"nl-NL\",\"@id\":\"https:\/\/hicle-events.com\/newsroom\/#\/schema\/logo\/image\/\",\"url\":\"https:\/\/hicle-events.com\/newsroom\/wp-content\/uploads\/2024\/05\/HICLE-logo-Vijg-transparant-Digitaal.png\",\"contentUrl\":\"https:\/\/hicle-events.com\/newsroom\/wp-content\/uploads\/2024\/05\/HICLE-logo-Vijg-transparant-Digitaal.png\",\"width\":2000,\"height\":2000,\"caption\":\"Hicle\"},\"image\":{\"@id\":\"https:\/\/hicle-events.com\/newsroom\/#\/schema\/logo\/image\/\"},\"sameAs\":[\"https:\/\/www.linkedin.com\/company\/11529553\/admin\/feed\/posts\/\"]}]}<\/script>\n<!-- \/ Yoast SEO plugin. -->","yoast_head_json":{"title":"E-bike Challenge Belgi\u00eb","description":"E-bike Challenge in Gent is het grootste indoor e-bike-testevent van Belgi\u00eb en beschikt over een groot fietsparcours in Flanders Expo.","robots":{"index":"index","follow":"follow","max-snippet":"max-snippet:-1","max-image-preview":"max-image-preview:large","max-video-preview":"max-video-preview:-1"},"canonical":"https:\/\/hicle-events.com\/newsroom\/nl-ebc-be\/","og_locale":"nl_NL","og_type":"article","og_title":"E-bike Challenge Belgi\u00eb","og_description":"E-bike Challenge in Gent is het grootste indoor e-bike-testevent van Belgi\u00eb en beschikt over een groot fietsparcours in Flanders Expo.","og_url":"https:\/\/hicle-events.com\/newsroom\/nl-ebc-be\/","og_site_name":"Hicle","article_modified_time":"2024-05-14T13:11:20+00:00","og_image":[{"width":1000,"height":402,"url":"https:\/\/hicle-events.com\/newsroom\/wp-content\/uploads\/2023\/10\/230525_ebc_logo_BE.png","type":"image\/png"}],"twitter_card":"summary_large_image","twitter_misc":{"Geschatte leestijd":"1 minuut"},"schema":{"@context":"https:\/\/schema.org","@graph":[{"@type":"WebPage","@id":"https:\/\/hicle-events.com\/newsroom\/nl-ebc-be\/","url":"https:\/\/hicle-events.com\/newsroom\/nl-ebc-be\/","name":"E-bike Challenge Belgi\u00eb","isPartOf":{"@id":"https:\/\/hicle-events.com\/newsroom\/#website"},"primaryImageOfPage":{"@id":"https:\/\/hicle-events.com\/newsroom\/nl-ebc-be\/#primaryimage"},"image":{"@id":"https:\/\/hicle-events.com\/newsroom\/nl-ebc-be\/#primaryimage"},"thumbnailUrl":"https:\/\/hicle-events.com\/newsroom\/wp-content\/uploads\/2023\/10\/230525_ebc_logo_BE.png","datePublished":"2023-09-07T13:28:54+00:00","dateModified":"2024-05-14T13:11:20+00:00","description":"E-bike Challenge in Gent is het grootste indoor e-bike-testevent van Belgi\u00eb en beschikt over een groot fietsparcours in Flanders Expo.","inLanguage":"nl-NL","potentialAction":[{"@type":"ReadAction","target":["https:\/\/hicle-events.com\/newsroom\/nl-ebc-be\/"]}]},{"@type":"ImageObject","inLanguage":"nl-NL","@id":"https:\/\/hicle-events.com\/newsroom\/nl-ebc-be\/#primaryimage","url":"https:\/\/hicle-events.com\/newsroom\/wp-content\/uploads\/2023\/10\/230525_ebc_logo_BE.png","contentUrl":"https:\/\/hicle-events.com\/newsroom\/wp-content\/uploads\/2023\/10\/230525_ebc_logo_BE.png","width":1000,"height":402},{"@type":"WebSite","@id":"https:\/\/hicle-events.com\/newsroom\/#website","url":"https:\/\/hicle-events.com\/newsroom\/","name":"Hicle","description":"Newsroom","publisher":{"@id":"https:\/\/hicle-events.com\/newsroom\/#organization"},"potentialAction":[{"@type":"SearchAction","target":{"@type":"EntryPoint","urlTemplate":"https:\/\/hicle-events.com\/newsroom\/?s={search_term_string}"},"query-input":{"@type":"PropertyValueSpecification","valueRequired":true,"valueName":"search_term_string"}}],"inLanguage":"nl-NL"},{"@type":"Organization","@id":"https:\/\/hicle-events.com\/newsroom\/#organization","name":"Hicle","url":"https:\/\/hicle-events.com\/newsroom\/","logo":{"@type":"ImageObject","inLanguage":"nl-NL","@id":"https:\/\/hicle-events.com\/newsroom\/#\/schema\/logo\/image\/","url":"https:\/\/hicle-events.com\/newsroom\/wp-content\/uploads\/2024\/05\/HICLE-logo-Vijg-transparant-Digitaal.png","contentUrl":"https:\/\/hicle-events.com\/newsroom\/wp-content\/uploads\/2024\/05\/HICLE-logo-Vijg-transparant-Digitaal.png","width":2000,"height":2000,"caption":"Hicle"},"image":{"@id":"https:\/\/hicle-events.com\/newsroom\/#\/schema\/logo\/image\/"},"sameAs":["https:\/\/www.linkedin.com\/company\/11529553\/admin\/feed\/posts\/"]}]}},"_links":{"self":[{"href":"https:\/\/hicle-events.com\/newsroom\/wp-json\/wp\/v2\/pages\/59","targetHints":{"allow":["GET"]}}],"collection":[{"href":"https:\/\/hicle-events.com\/newsroom\/wp-json\/wp\/v2\/pages"}],"about":[{"href":"https:\/\/hicle-events.com\/newsroom\/wp-json\/wp\/v2\/types\/page"}],"author":[{"embeddable":true,"href":"https:\/\/hicle-events.com\/newsroom\/wp-json\/wp\/v2\/users\/1"}],"replies":[{"embeddable":true,"href":"https:\/\/hicle-events.com\/newsroom\/wp-json\/wp\/v2\/comments?post=59"}],"version-history":[{"count":5,"href":"https:\/\/hicle-events.com\/newsroom\/wp-json\/wp\/v2\/pages\/59\/revisions"}],"predecessor-version":[{"id":1431,"href":"https:\/\/hicle-events.com\/newsroom\/wp-json\/wp\/v2\/pages\/59\/revisions\/1431"}],"wp:featuredmedia":[{"embeddable":true,"href":"https:\/\/hicle-events.com\/newsroom\/wp-json\/wp\/v2\/media\/567"}],"wp:attachment":[{"href":"https:\/\/hicle-events.com\/newsroom\/wp-json\/wp\/v2\/media?parent=59"}],"wp:term":[{"taxonomy":"category","embeddable":true,"href":"https:\/\/hicle-events.com\/newsroom\/wp-json\/wp\/v2\/categories?post=59"}],"curies":[{"name":"wp","href":"https:\/\/api.w.org\/{rel}","templated":true}]}}