{"id":285,"date":"2023-09-14T12:42:00","date_gmt":"2023-09-14T12:42:00","guid":{"rendered":"https:\/\/hicle-events.com\/newsroom\/?page_id=285"},"modified":"2024-05-14T11:56:22","modified_gmt":"2024-05-14T11:56:22","slug":"nl-ebc-be-visuals","status":"publish","type":"page","link":"https:\/\/hicle-events.com\/newsroom\/nl-ebc-be-visuals\/","title":{"rendered":"NL EBC BE VISUALS"},"content":{"rendered":"\n<p class=\"has-text-align-right\"><a href=\"https:\/\/hicle-events.com\/newsroom\/nl-ebc-be-visuals\/#video\">Video &amp; logo<\/a><\/p>\n\n\n\n<h1 class=\"wp-block-heading\" id=\"visuals\">Visuals E-bike Challenge Belgi\u00eb<\/h1>\n\n\n\n<p>Vrij te gebruiken in publicaties die verband houden met de beurs. <\/p>\n\n\n\n<figure class=\"wp-block-gallery has-nested-images columns-3 is-cropped wp-block-gallery-1 is-layout-flex wp-block-gallery-is-layout-flex\">\n<figure class=\"wp-block-image size-medium\"><a href=\"https:\/\/hicle-events.com\/newsroom\/wp-content\/uploads\/2023\/12\/bew_5076-cargo-bike-scaled.jpg\" target=\"_blank\" rel=\"noopener\"><img loading=\"lazy\" decoding=\"async\" width=\"300\" height=\"200\" data-id=\"833\" src=\"https:\/\/hicle-events.com\/newsroom\/wp-content\/uploads\/2023\/12\/bew_5076-cargo-bike-300x200.jpg\" alt=\"\" class=\"wp-image-833\" srcset=\"https:\/\/hicle-events.com\/newsroom\/wp-content\/uploads\/2023\/12\/bew_5076-cargo-bike-300x200.jpg 300w, https:\/\/hicle-events.com\/newsroom\/wp-content\/uploads\/2023\/12\/bew_5076-cargo-bike-1024x683.jpg 1024w, https:\/\/hicle-events.com\/newsroom\/wp-content\/uploads\/2023\/12\/bew_5076-cargo-bike-768x513.jpg 768w, https:\/\/hicle-events.com\/newsroom\/wp-content\/uploads\/2023\/12\/bew_5076-cargo-bike-1536x1025.jpg 1536w, https:\/\/hicle-events.com\/newsroom\/wp-content\/uploads\/2023\/12\/bew_5076-cargo-bike-2048x1367.jpg 2048w, https:\/\/hicle-events.com\/newsroom\/wp-content\/uploads\/2023\/12\/bew_5076-cargo-bike-250x167.jpg 250w\" sizes=\"auto, (max-width: 300px) 100vw, 300px\" \/><\/a><\/figure>\n\n\n\n<figure class=\"wp-block-image size-medium\"><a href=\"https:\/\/hicle-events.com\/newsroom\/wp-content\/uploads\/2023\/12\/e-mtb-specialized-YR_DSC3021-scaled.jpg\" target=\"_blank\" rel=\"noopener\"><img loading=\"lazy\" decoding=\"async\" width=\"300\" height=\"200\" data-id=\"829\" src=\"https:\/\/hicle-events.com\/newsroom\/wp-content\/uploads\/2023\/12\/e-mtb-specialized-YR_DSC3021-300x200.jpg\" alt=\"\" class=\"wp-image-829\" srcset=\"https:\/\/hicle-events.com\/newsroom\/wp-content\/uploads\/2023\/12\/e-mtb-specialized-YR_DSC3021-300x200.jpg 300w, https:\/\/hicle-events.com\/newsroom\/wp-content\/uploads\/2023\/12\/e-mtb-specialized-YR_DSC3021-1024x683.jpg 1024w, https:\/\/hicle-events.com\/newsroom\/wp-content\/uploads\/2023\/12\/e-mtb-specialized-YR_DSC3021-768x512.jpg 768w, https:\/\/hicle-events.com\/newsroom\/wp-content\/uploads\/2023\/12\/e-mtb-specialized-YR_DSC3021-1536x1024.jpg 1536w, https:\/\/hicle-events.com\/newsroom\/wp-content\/uploads\/2023\/12\/e-mtb-specialized-YR_DSC3021-2048x1365.jpg 2048w, https:\/\/hicle-events.com\/newsroom\/wp-content\/uploads\/2023\/12\/e-mtb-specialized-YR_DSC3021-250x167.jpg 250w\" sizes=\"auto, (max-width: 300px) 100vw, 300px\" \/><\/a><\/figure>\n\n\n\n<figure class=\"wp-block-image size-medium\"><a href=\"https:\/\/hicle-events.com\/newsroom\/wp-content\/uploads\/2023\/12\/bew_4639-fietsparcours-flanders-expo-scaled.jpg\" target=\"_blank\" rel=\"noopener\"><img loading=\"lazy\" decoding=\"async\" width=\"300\" height=\"203\" data-id=\"832\" src=\"https:\/\/hicle-events.com\/newsroom\/wp-content\/uploads\/2023\/12\/bew_4639-fietsparcours-flanders-expo-300x203.jpg\" alt=\"\" class=\"wp-image-832\" srcset=\"https:\/\/hicle-events.com\/newsroom\/wp-content\/uploads\/2023\/12\/bew_4639-fietsparcours-flanders-expo-300x203.jpg 300w, https:\/\/hicle-events.com\/newsroom\/wp-content\/uploads\/2023\/12\/bew_4639-fietsparcours-flanders-expo-1024x694.jpg 1024w, https:\/\/hicle-events.com\/newsroom\/wp-content\/uploads\/2023\/12\/bew_4639-fietsparcours-flanders-expo-768x520.jpg 768w, https:\/\/hicle-events.com\/newsroom\/wp-content\/uploads\/2023\/12\/bew_4639-fietsparcours-flanders-expo-1536x1041.jpg 1536w, https:\/\/hicle-events.com\/newsroom\/wp-content\/uploads\/2023\/12\/bew_4639-fietsparcours-flanders-expo-2048x1388.jpg 2048w, https:\/\/hicle-events.com\/newsroom\/wp-content\/uploads\/2023\/12\/bew_4639-fietsparcours-flanders-expo-250x169.jpg 250w\" sizes=\"auto, (max-width: 300px) 100vw, 300px\" \/><\/a><\/figure>\n\n\n\n<figure class=\"wp-block-image size-medium\"><a href=\"https:\/\/hicle-events.com\/newsroom\/wp-content\/uploads\/2024\/04\/DSF6571-Enhanced-NR-1-scaled.jpg\" target=\"_blank\" rel=\"noopener\"><img loading=\"lazy\" decoding=\"async\" width=\"300\" height=\"201\" data-id=\"1244\" src=\"https:\/\/hicle-events.com\/newsroom\/wp-content\/uploads\/2024\/04\/DSF6571-Enhanced-NR-1-300x201.jpg\" alt=\"\" class=\"wp-image-1244\" srcset=\"https:\/\/hicle-events.com\/newsroom\/wp-content\/uploads\/2024\/04\/DSF6571-Enhanced-NR-1-300x201.jpg 300w, https:\/\/hicle-events.com\/newsroom\/wp-content\/uploads\/2024\/04\/DSF6571-Enhanced-NR-1-1024x684.jpg 1024w, https:\/\/hicle-events.com\/newsroom\/wp-content\/uploads\/2024\/04\/DSF6571-Enhanced-NR-1-768x513.jpg 768w, https:\/\/hicle-events.com\/newsroom\/wp-content\/uploads\/2024\/04\/DSF6571-Enhanced-NR-1-1536x1027.jpg 1536w, https:\/\/hicle-events.com\/newsroom\/wp-content\/uploads\/2024\/04\/DSF6571-Enhanced-NR-1-2048x1369.jpg 2048w, https:\/\/hicle-events.com\/newsroom\/wp-content\/uploads\/2024\/04\/DSF6571-Enhanced-NR-1-250x167.jpg 250w\" sizes=\"auto, (max-width: 300px) 100vw, 300px\" \/><\/a><\/figure>\n\n\n\n<figure class=\"wp-block-image size-medium\"><a href=\"https:\/\/hicle-events.com\/newsroom\/wp-content\/uploads\/2024\/04\/DSF6586-Enhanced-NR-scaled.jpg\" target=\"_blank\" rel=\"noopener\"><img loading=\"lazy\" decoding=\"async\" width=\"300\" height=\"199\" data-id=\"1245\" src=\"https:\/\/hicle-events.com\/newsroom\/wp-content\/uploads\/2024\/04\/DSF6586-Enhanced-NR-300x199.jpg\" alt=\"\" class=\"wp-image-1245\" srcset=\"https:\/\/hicle-events.com\/newsroom\/wp-content\/uploads\/2024\/04\/DSF6586-Enhanced-NR-300x199.jpg 300w, https:\/\/hicle-events.com\/newsroom\/wp-content\/uploads\/2024\/04\/DSF6586-Enhanced-NR-1024x680.jpg 1024w, https:\/\/hicle-events.com\/newsroom\/wp-content\/uploads\/2024\/04\/DSF6586-Enhanced-NR-768x510.jpg 768w, https:\/\/hicle-events.com\/newsroom\/wp-content\/uploads\/2024\/04\/DSF6586-Enhanced-NR-1536x1019.jpg 1536w, https:\/\/hicle-events.com\/newsroom\/wp-content\/uploads\/2024\/04\/DSF6586-Enhanced-NR-2048x1359.jpg 2048w, https:\/\/hicle-events.com\/newsroom\/wp-content\/uploads\/2024\/04\/DSF6586-Enhanced-NR-250x166.jpg 250w\" sizes=\"auto, (max-width: 300px) 100vw, 300px\" \/><\/a><\/figure>\n\n\n\n<figure class=\"wp-block-image size-medium\"><a href=\"https:\/\/hicle-events.com\/newsroom\/wp-content\/uploads\/2024\/04\/DSF6666-Enhanced-NR-1-scaled.jpg\" target=\"_blank\" rel=\"noopener\"><img loading=\"lazy\" decoding=\"async\" width=\"300\" height=\"197\" data-id=\"1246\" src=\"https:\/\/hicle-events.com\/newsroom\/wp-content\/uploads\/2024\/04\/DSF6666-Enhanced-NR-1-300x197.jpg\" alt=\"\" class=\"wp-image-1246\" srcset=\"https:\/\/hicle-events.com\/newsroom\/wp-content\/uploads\/2024\/04\/DSF6666-Enhanced-NR-1-300x197.jpg 300w, https:\/\/hicle-events.com\/newsroom\/wp-content\/uploads\/2024\/04\/DSF6666-Enhanced-NR-1-1024x673.jpg 1024w, https:\/\/hicle-events.com\/newsroom\/wp-content\/uploads\/2024\/04\/DSF6666-Enhanced-NR-1-768x505.jpg 768w, https:\/\/hicle-events.com\/newsroom\/wp-content\/uploads\/2024\/04\/DSF6666-Enhanced-NR-1-1536x1010.jpg 1536w, https:\/\/hicle-events.com\/newsroom\/wp-content\/uploads\/2024\/04\/DSF6666-Enhanced-NR-1-2048x1347.jpg 2048w, https:\/\/hicle-events.com\/newsroom\/wp-content\/uploads\/2024\/04\/DSF6666-Enhanced-NR-1-250x164.jpg 250w\" sizes=\"auto, (max-width: 300px) 100vw, 300px\" \/><\/a><\/figure>\n\n\n\n<figure class=\"wp-block-image size-medium\"><a href=\"https:\/\/hicle-events.com\/newsroom\/wp-content\/uploads\/2024\/04\/DSF6672-Enhanced-NR-scaled.jpg\" target=\"_blank\" rel=\"noopener\"><img loading=\"lazy\" decoding=\"async\" width=\"300\" height=\"205\" data-id=\"1247\" src=\"https:\/\/hicle-events.com\/newsroom\/wp-content\/uploads\/2024\/04\/DSF6672-Enhanced-NR-300x205.jpg\" alt=\"\" class=\"wp-image-1247\" srcset=\"https:\/\/hicle-events.com\/newsroom\/wp-content\/uploads\/2024\/04\/DSF6672-Enhanced-NR-300x205.jpg 300w, https:\/\/hicle-events.com\/newsroom\/wp-content\/uploads\/2024\/04\/DSF6672-Enhanced-NR-1024x699.jpg 1024w, https:\/\/hicle-events.com\/newsroom\/wp-content\/uploads\/2024\/04\/DSF6672-Enhanced-NR-768x524.jpg 768w, https:\/\/hicle-events.com\/newsroom\/wp-content\/uploads\/2024\/04\/DSF6672-Enhanced-NR-1536x1049.jpg 1536w, https:\/\/hicle-events.com\/newsroom\/wp-content\/uploads\/2024\/04\/DSF6672-Enhanced-NR-2048x1398.jpg 2048w, https:\/\/hicle-events.com\/newsroom\/wp-content\/uploads\/2024\/04\/DSF6672-Enhanced-NR-250x171.jpg 250w\" sizes=\"auto, (max-width: 300px) 100vw, 300px\" \/><\/a><\/figure>\n\n\n\n<figure class=\"wp-block-image size-medium\"><a href=\"https:\/\/hicle-events.com\/newsroom\/wp-content\/uploads\/2024\/04\/KLIK0001-scaled.jpg\" target=\"_blank\" rel=\"noopener\"><img loading=\"lazy\" decoding=\"async\" width=\"300\" height=\"200\" data-id=\"1248\" src=\"https:\/\/hicle-events.com\/newsroom\/wp-content\/uploads\/2024\/04\/KLIK0001-300x200.jpg\" alt=\"\" class=\"wp-image-1248\" srcset=\"https:\/\/hicle-events.com\/newsroom\/wp-content\/uploads\/2024\/04\/KLIK0001-300x200.jpg 300w, https:\/\/hicle-events.com\/newsroom\/wp-content\/uploads\/2024\/04\/KLIK0001-1024x683.jpg 1024w, https:\/\/hicle-events.com\/newsroom\/wp-content\/uploads\/2024\/04\/KLIK0001-768x512.jpg 768w, https:\/\/hicle-events.com\/newsroom\/wp-content\/uploads\/2024\/04\/KLIK0001-1536x1024.jpg 1536w, https:\/\/hicle-events.com\/newsroom\/wp-content\/uploads\/2024\/04\/KLIK0001-2048x1365.jpg 2048w, https:\/\/hicle-events.com\/newsroom\/wp-content\/uploads\/2024\/04\/KLIK0001-250x167.jpg 250w\" sizes=\"auto, (max-width: 300px) 100vw, 300px\" \/><\/a><\/figure>\n\n\n\n<figure class=\"wp-block-image size-medium\"><a href=\"https:\/\/hicle-events.com\/newsroom\/wp-content\/uploads\/2024\/04\/KLIK0296-scaled.jpg\" target=\"_blank\" rel=\"noopener\"><img loading=\"lazy\" decoding=\"async\" width=\"300\" height=\"200\" data-id=\"1249\" src=\"https:\/\/hicle-events.com\/newsroom\/wp-content\/uploads\/2024\/04\/KLIK0296-300x200.jpg\" alt=\"\" class=\"wp-image-1249\" srcset=\"https:\/\/hicle-events.com\/newsroom\/wp-content\/uploads\/2024\/04\/KLIK0296-300x200.jpg 300w, https:\/\/hicle-events.com\/newsroom\/wp-content\/uploads\/2024\/04\/KLIK0296-1024x683.jpg 1024w, https:\/\/hicle-events.com\/newsroom\/wp-content\/uploads\/2024\/04\/KLIK0296-768x512.jpg 768w, https:\/\/hicle-events.com\/newsroom\/wp-content\/uploads\/2024\/04\/KLIK0296-1536x1024.jpg 1536w, https:\/\/hicle-events.com\/newsroom\/wp-content\/uploads\/2024\/04\/KLIK0296-2048x1365.jpg 2048w, https:\/\/hicle-events.com\/newsroom\/wp-content\/uploads\/2024\/04\/KLIK0296-250x167.jpg 250w\" sizes=\"auto, (max-width: 300px) 100vw, 300px\" \/><\/a><\/figure>\n\n\n\n<figure class=\"wp-block-image size-medium\"><a href=\"https:\/\/hicle-events.com\/newsroom\/wp-content\/uploads\/2024\/04\/KLIK0431-scaled.jpg\" target=\"_blank\" rel=\"noopener\"><img loading=\"lazy\" decoding=\"async\" width=\"300\" height=\"200\" data-id=\"1250\" src=\"https:\/\/hicle-events.com\/newsroom\/wp-content\/uploads\/2024\/04\/KLIK0431-300x200.jpg\" alt=\"\" class=\"wp-image-1250\" srcset=\"https:\/\/hicle-events.com\/newsroom\/wp-content\/uploads\/2024\/04\/KLIK0431-300x200.jpg 300w, https:\/\/hicle-events.com\/newsroom\/wp-content\/uploads\/2024\/04\/KLIK0431-1024x683.jpg 1024w, https:\/\/hicle-events.com\/newsroom\/wp-content\/uploads\/2024\/04\/KLIK0431-768x512.jpg 768w, https:\/\/hicle-events.com\/newsroom\/wp-content\/uploads\/2024\/04\/KLIK0431-1536x1024.jpg 1536w, https:\/\/hicle-events.com\/newsroom\/wp-content\/uploads\/2024\/04\/KLIK0431-2048x1365.jpg 2048w, https:\/\/hicle-events.com\/newsroom\/wp-content\/uploads\/2024\/04\/KLIK0431-250x167.jpg 250w\" sizes=\"auto, (max-width: 300px) 100vw, 300px\" \/><\/a><\/figure>\n\n\n\n<figure class=\"wp-block-image size-medium\"><a href=\"https:\/\/hicle-events.com\/newsroom\/wp-content\/uploads\/2024\/04\/KLIK0453-scaled.jpg\" target=\"_blank\" rel=\"noopener\"><img loading=\"lazy\" decoding=\"async\" width=\"300\" height=\"200\" data-id=\"1251\" src=\"https:\/\/hicle-events.com\/newsroom\/wp-content\/uploads\/2024\/04\/KLIK0453-300x200.jpg\" alt=\"\" class=\"wp-image-1251\" srcset=\"https:\/\/hicle-events.com\/newsroom\/wp-content\/uploads\/2024\/04\/KLIK0453-300x200.jpg 300w, https:\/\/hicle-events.com\/newsroom\/wp-content\/uploads\/2024\/04\/KLIK0453-1024x683.jpg 1024w, https:\/\/hicle-events.com\/newsroom\/wp-content\/uploads\/2024\/04\/KLIK0453-768x512.jpg 768w, https:\/\/hicle-events.com\/newsroom\/wp-content\/uploads\/2024\/04\/KLIK0453-1536x1024.jpg 1536w, https:\/\/hicle-events.com\/newsroom\/wp-content\/uploads\/2024\/04\/KLIK0453-2048x1365.jpg 2048w, https:\/\/hicle-events.com\/newsroom\/wp-content\/uploads\/2024\/04\/KLIK0453-250x167.jpg 250w\" sizes=\"auto, (max-width: 300px) 100vw, 300px\" \/><\/a><\/figure>\n\n\n\n<figure class=\"wp-block-image size-medium\"><a href=\"https:\/\/hicle-events.com\/newsroom\/wp-content\/uploads\/2024\/04\/KLIK1230-1-scaled.jpg\" target=\"_blank\" rel=\"noopener\"><img loading=\"lazy\" decoding=\"async\" width=\"300\" height=\"200\" data-id=\"1252\" src=\"https:\/\/hicle-events.com\/newsroom\/wp-content\/uploads\/2024\/04\/KLIK1230-1-300x200.jpg\" alt=\"\" class=\"wp-image-1252\" srcset=\"https:\/\/hicle-events.com\/newsroom\/wp-content\/uploads\/2024\/04\/KLIK1230-1-300x200.jpg 300w, https:\/\/hicle-events.com\/newsroom\/wp-content\/uploads\/2024\/04\/KLIK1230-1-1024x683.jpg 1024w, https:\/\/hicle-events.com\/newsroom\/wp-content\/uploads\/2024\/04\/KLIK1230-1-768x512.jpg 768w, https:\/\/hicle-events.com\/newsroom\/wp-content\/uploads\/2024\/04\/KLIK1230-1-1536x1024.jpg 1536w, https:\/\/hicle-events.com\/newsroom\/wp-content\/uploads\/2024\/04\/KLIK1230-1-2048x1365.jpg 2048w, https:\/\/hicle-events.com\/newsroom\/wp-content\/uploads\/2024\/04\/KLIK1230-1-250x167.jpg 250w\" sizes=\"auto, (max-width: 300px) 100vw, 300px\" \/><\/a><\/figure>\n<\/figure>\n\n\n\n<hr class=\"wp-block-separator has-alpha-channel-opacity is-style-wide\"\/>\n\n\n\n<h2 class=\"wp-block-heading\" id=\"video\">Video E-bike Challenge Belgi\u00eb<\/h2>\n\n\n\n<p class=\"has-text-align-right\"><a href=\"https:\/\/hicle-events.com\/newsroom\/nl-ebc-be-visuals\/\">top<\/a><\/p>\n\n\n\n<figure class=\"wp-block-embed is-type-video is-provider-youtube wp-block-embed-youtube wp-embed-aspect-16-9 wp-has-aspect-ratio\"><div class=\"wp-block-embed__wrapper\">\n<iframe loading=\"lazy\" title=\"Aftermovie E-bike Challenge Belgi\u00eb 2024\" width=\"500\" height=\"281\" src=\"https:\/\/www.youtube.com\/embed\/PEdOli_7CyE?feature=oembed\" frameborder=\"0\" allow=\"accelerometer; autoplay; clipboard-write; encrypted-media; gyroscope; picture-in-picture; web-share\" referrerpolicy=\"strict-origin-when-cross-origin\" allowfullscreen><\/iframe>\n<\/div><\/figure>\n\n\n\n<hr class=\"wp-block-separator has-alpha-channel-opacity is-style-wide\"\/>\n\n\n\n<h2 class=\"wp-block-heading\">Logo E-bike Challenge Belgi\u00eb<\/h2>\n\n\n\n<div class=\"wp-block-file\"><a id=\"wp-block-file--media-7eba71a6-7675-4470-b77c-926acf903c56\" href=\"https:\/\/hicle-events.com\/newsroom\/wp-content\/uploads\/2023\/10\/230525_ebc_logo_BE.png\">230525_ebc_logo_BE<\/a><a href=\"https:\/\/hicle-events.com\/newsroom\/wp-content\/uploads\/2023\/10\/230525_ebc_logo_BE.png\" class=\"wp-block-file__button wp-element-button\" download aria-describedby=\"wp-block-file--media-7eba71a6-7675-4470-b77c-926acf903c56\">Downloaden<\/a><\/div>\n","protected":false},"excerpt":{"rendered":"<p>Video &amp; logo Visuals E-bike Challenge Belgi\u00eb Vrij te gebruiken in publicaties die verband houden met de beurs. Video E-bike Challenge Belgi\u00eb top Logo E-bike Challenge Belgi\u00eb<\/p>\n","protected":false},"author":1,"featured_media":567,"parent":0,"menu_order":0,"comment_status":"closed","ping_status":"closed","template":"page-templates\/page_nl_event.php","meta":{"footnotes":""},"categories":[24],"class_list":["post-285","page","type-page","status-publish","has-post-thumbnail","hentry","category-css-ebc-be"],"yoast_head":"<!-- This site is optimized with the Yoast SEO plugin v27.1 - https:\/\/yoast.com\/product\/yoast-seo-wordpress\/ -->\n<title>Visuals E-bike Challenge Belgi\u00eb<\/title>\n<meta name=\"description\" content=\"Visuals van de E-bike Challenge Belgi\u00eb, een indoor testevent dat jaarlijks plaatsvindt in Flanders Expo in Gent.\" \/>\n<meta name=\"robots\" content=\"index, follow, max-snippet:-1, max-image-preview:large, max-video-preview:-1\" \/>\n<link rel=\"canonical\" href=\"https:\/\/hicle-events.com\/newsroom\/nl-ebc-be-visuals\/\" \/>\n<meta property=\"og:locale\" content=\"nl_NL\" \/>\n<meta property=\"og:type\" content=\"article\" \/>\n<meta property=\"og:title\" content=\"Visuals E-bike Challenge Belgi\u00eb\" \/>\n<meta property=\"og:description\" content=\"Visuals van de E-bike Challenge Belgi\u00eb, een indoor testevent dat jaarlijks plaatsvindt in Flanders Expo in Gent.\" \/>\n<meta property=\"og:url\" content=\"https:\/\/hicle-events.com\/newsroom\/nl-ebc-be-visuals\/\" \/>\n<meta property=\"og:site_name\" content=\"Hicle\" \/>\n<meta property=\"article:modified_time\" content=\"2024-05-14T11:56:22+00:00\" \/>\n<meta property=\"og:image\" content=\"https:\/\/hicle-events.com\/newsroom\/wp-content\/uploads\/2023\/10\/230525_ebc_logo_BE.png\" \/>\n\t<meta property=\"og:image:width\" content=\"1000\" \/>\n\t<meta property=\"og:image:height\" content=\"402\" \/>\n\t<meta property=\"og:image:type\" content=\"image\/png\" \/>\n<meta name=\"twitter:card\" content=\"summary_large_image\" \/>\n<meta name=\"twitter:label1\" content=\"Geschatte leestijd\" \/>\n\t<meta name=\"twitter:data1\" content=\"3 minuten\" \/>\n<script type=\"application\/ld+json\" class=\"yoast-schema-graph\">{\"@context\":\"https:\/\/schema.org\",\"@graph\":[{\"@type\":\"WebPage\",\"@id\":\"https:\/\/hicle-events.com\/newsroom\/nl-ebc-be-visuals\/\",\"url\":\"https:\/\/hicle-events.com\/newsroom\/nl-ebc-be-visuals\/\",\"name\":\"Visuals E-bike Challenge Belgi\u00eb\",\"isPartOf\":{\"@id\":\"https:\/\/hicle-events.com\/newsroom\/#website\"},\"primaryImageOfPage\":{\"@id\":\"https:\/\/hicle-events.com\/newsroom\/nl-ebc-be-visuals\/#primaryimage\"},\"image\":{\"@id\":\"https:\/\/hicle-events.com\/newsroom\/nl-ebc-be-visuals\/#primaryimage\"},\"thumbnailUrl\":\"https:\/\/hicle-events.com\/newsroom\/wp-content\/uploads\/2023\/10\/230525_ebc_logo_BE.png\",\"datePublished\":\"2023-09-14T12:42:00+00:00\",\"dateModified\":\"2024-05-14T11:56:22+00:00\",\"description\":\"Visuals van de E-bike Challenge Belgi\u00eb, een indoor testevent dat jaarlijks plaatsvindt in Flanders Expo in Gent.\",\"inLanguage\":\"nl-NL\",\"potentialAction\":[{\"@type\":\"ReadAction\",\"target\":[\"https:\/\/hicle-events.com\/newsroom\/nl-ebc-be-visuals\/\"]}]},{\"@type\":\"ImageObject\",\"inLanguage\":\"nl-NL\",\"@id\":\"https:\/\/hicle-events.com\/newsroom\/nl-ebc-be-visuals\/#primaryimage\",\"url\":\"https:\/\/hicle-events.com\/newsroom\/wp-content\/uploads\/2023\/10\/230525_ebc_logo_BE.png\",\"contentUrl\":\"https:\/\/hicle-events.com\/newsroom\/wp-content\/uploads\/2023\/10\/230525_ebc_logo_BE.png\",\"width\":1000,\"height\":402},{\"@type\":\"WebSite\",\"@id\":\"https:\/\/hicle-events.com\/newsroom\/#website\",\"url\":\"https:\/\/hicle-events.com\/newsroom\/\",\"name\":\"Hicle\",\"description\":\"Newsroom\",\"publisher\":{\"@id\":\"https:\/\/hicle-events.com\/newsroom\/#organization\"},\"potentialAction\":[{\"@type\":\"SearchAction\",\"target\":{\"@type\":\"EntryPoint\",\"urlTemplate\":\"https:\/\/hicle-events.com\/newsroom\/?s={search_term_string}\"},\"query-input\":{\"@type\":\"PropertyValueSpecification\",\"valueRequired\":true,\"valueName\":\"search_term_string\"}}],\"inLanguage\":\"nl-NL\"},{\"@type\":\"Organization\",\"@id\":\"https:\/\/hicle-events.com\/newsroom\/#organization\",\"name\":\"Hicle\",\"url\":\"https:\/\/hicle-events.com\/newsroom\/\",\"logo\":{\"@type\":\"ImageObject\",\"inLanguage\":\"nl-NL\",\"@id\":\"https:\/\/hicle-events.com\/newsroom\/#\/schema\/logo\/image\/\",\"url\":\"https:\/\/hicle-events.com\/newsroom\/wp-content\/uploads\/2024\/05\/HICLE-logo-Vijg-transparant-Digitaal.png\",\"contentUrl\":\"https:\/\/hicle-events.com\/newsroom\/wp-content\/uploads\/2024\/05\/HICLE-logo-Vijg-transparant-Digitaal.png\",\"width\":2000,\"height\":2000,\"caption\":\"Hicle\"},\"image\":{\"@id\":\"https:\/\/hicle-events.com\/newsroom\/#\/schema\/logo\/image\/\"},\"sameAs\":[\"https:\/\/www.linkedin.com\/company\/11529553\/admin\/feed\/posts\/\"]}]}<\/script>\n<!-- \/ Yoast SEO plugin. -->","yoast_head_json":{"title":"Visuals E-bike Challenge Belgi\u00eb","description":"Visuals van de E-bike Challenge Belgi\u00eb, een indoor testevent dat jaarlijks plaatsvindt in Flanders Expo in Gent.","robots":{"index":"index","follow":"follow","max-snippet":"max-snippet:-1","max-image-preview":"max-image-preview:large","max-video-preview":"max-video-preview:-1"},"canonical":"https:\/\/hicle-events.com\/newsroom\/nl-ebc-be-visuals\/","og_locale":"nl_NL","og_type":"article","og_title":"Visuals E-bike Challenge Belgi\u00eb","og_description":"Visuals van de E-bike Challenge Belgi\u00eb, een indoor testevent dat jaarlijks plaatsvindt in Flanders Expo in Gent.","og_url":"https:\/\/hicle-events.com\/newsroom\/nl-ebc-be-visuals\/","og_site_name":"Hicle","article_modified_time":"2024-05-14T11:56:22+00:00","og_image":[{"width":1000,"height":402,"url":"https:\/\/hicle-events.com\/newsroom\/wp-content\/uploads\/2023\/10\/230525_ebc_logo_BE.png","type":"image\/png"}],"twitter_card":"summary_large_image","twitter_misc":{"Geschatte leestijd":"3 minuten"},"schema":{"@context":"https:\/\/schema.org","@graph":[{"@type":"WebPage","@id":"https:\/\/hicle-events.com\/newsroom\/nl-ebc-be-visuals\/","url":"https:\/\/hicle-events.com\/newsroom\/nl-ebc-be-visuals\/","name":"Visuals E-bike Challenge Belgi\u00eb","isPartOf":{"@id":"https:\/\/hicle-events.com\/newsroom\/#website"},"primaryImageOfPage":{"@id":"https:\/\/hicle-events.com\/newsroom\/nl-ebc-be-visuals\/#primaryimage"},"image":{"@id":"https:\/\/hicle-events.com\/newsroom\/nl-ebc-be-visuals\/#primaryimage"},"thumbnailUrl":"https:\/\/hicle-events.com\/newsroom\/wp-content\/uploads\/2023\/10\/230525_ebc_logo_BE.png","datePublished":"2023-09-14T12:42:00+00:00","dateModified":"2024-05-14T11:56:22+00:00","description":"Visuals van de E-bike Challenge Belgi\u00eb, een indoor testevent dat jaarlijks plaatsvindt in Flanders Expo in Gent.","inLanguage":"nl-NL","potentialAction":[{"@type":"ReadAction","target":["https:\/\/hicle-events.com\/newsroom\/nl-ebc-be-visuals\/"]}]},{"@type":"ImageObject","inLanguage":"nl-NL","@id":"https:\/\/hicle-events.com\/newsroom\/nl-ebc-be-visuals\/#primaryimage","url":"https:\/\/hicle-events.com\/newsroom\/wp-content\/uploads\/2023\/10\/230525_ebc_logo_BE.png","contentUrl":"https:\/\/hicle-events.com\/newsroom\/wp-content\/uploads\/2023\/10\/230525_ebc_logo_BE.png","width":1000,"height":402},{"@type":"WebSite","@id":"https:\/\/hicle-events.com\/newsroom\/#website","url":"https:\/\/hicle-events.com\/newsroom\/","name":"Hicle","description":"Newsroom","publisher":{"@id":"https:\/\/hicle-events.com\/newsroom\/#organization"},"potentialAction":[{"@type":"SearchAction","target":{"@type":"EntryPoint","urlTemplate":"https:\/\/hicle-events.com\/newsroom\/?s={search_term_string}"},"query-input":{"@type":"PropertyValueSpecification","valueRequired":true,"valueName":"search_term_string"}}],"inLanguage":"nl-NL"},{"@type":"Organization","@id":"https:\/\/hicle-events.com\/newsroom\/#organization","name":"Hicle","url":"https:\/\/hicle-events.com\/newsroom\/","logo":{"@type":"ImageObject","inLanguage":"nl-NL","@id":"https:\/\/hicle-events.com\/newsroom\/#\/schema\/logo\/image\/","url":"https:\/\/hicle-events.com\/newsroom\/wp-content\/uploads\/2024\/05\/HICLE-logo-Vijg-transparant-Digitaal.png","contentUrl":"https:\/\/hicle-events.com\/newsroom\/wp-content\/uploads\/2024\/05\/HICLE-logo-Vijg-transparant-Digitaal.png","width":2000,"height":2000,"caption":"Hicle"},"image":{"@id":"https:\/\/hicle-events.com\/newsroom\/#\/schema\/logo\/image\/"},"sameAs":["https:\/\/www.linkedin.com\/company\/11529553\/admin\/feed\/posts\/"]}]}},"_links":{"self":[{"href":"https:\/\/hicle-events.com\/newsroom\/wp-json\/wp\/v2\/pages\/285","targetHints":{"allow":["GET"]}}],"collection":[{"href":"https:\/\/hicle-events.com\/newsroom\/wp-json\/wp\/v2\/pages"}],"about":[{"href":"https:\/\/hicle-events.com\/newsroom\/wp-json\/wp\/v2\/types\/page"}],"author":[{"embeddable":true,"href":"https:\/\/hicle-events.com\/newsroom\/wp-json\/wp\/v2\/users\/1"}],"replies":[{"embeddable":true,"href":"https:\/\/hicle-events.com\/newsroom\/wp-json\/wp\/v2\/comments?post=285"}],"version-history":[{"count":8,"href":"https:\/\/hicle-events.com\/newsroom\/wp-json\/wp\/v2\/pages\/285\/revisions"}],"predecessor-version":[{"id":1437,"href":"https:\/\/hicle-events.com\/newsroom\/wp-json\/wp\/v2\/pages\/285\/revisions\/1437"}],"wp:featuredmedia":[{"embeddable":true,"href":"https:\/\/hicle-events.com\/newsroom\/wp-json\/wp\/v2\/media\/567"}],"wp:attachment":[{"href":"https:\/\/hicle-events.com\/newsroom\/wp-json\/wp\/v2\/media?parent=285"}],"wp:term":[{"taxonomy":"category","embeddable":true,"href":"https:\/\/hicle-events.com\/newsroom\/wp-json\/wp\/v2\/categories?post=285"}],"curies":[{"name":"wp","href":"https:\/\/api.w.org\/{rel}","templated":true}]}}